{"id":2390,"date":"2023-05-26T14:38:18","date_gmt":"2023-05-26T17:38:18","guid":{"rendered":"https:\/\/www.posestacio.com.br\/?page_id=2390"},"modified":"2023-06-28T21:20:05","modified_gmt":"2023-06-29T00:20:05","slug":"noticias","status":"publish","type":"page","link":"https:\/\/www.graduacaobr.com.br\/estacio\/noticias\/","title":{"rendered":"Not\u00edcias"},"content":{"rendered":"\t\t<div data-elementor-type=\"wp-page\" data-elementor-id=\"2390\" class=\"elementor elementor-2390\" data-elementor-post-type=\"page\">\n\t\t\t\t\t\t<section class=\"elementor-section elementor-top-section elementor-element elementor-element-7875d4ea elementor-section-height-min-height elementor-section-stretched elementor-hidden-mobile elementor-section-boxed elementor-section-height-default elementor-section-items-middle\" data-id=\"7875d4ea\" data-element_type=\"section\" data-settings=\"{&quot;stretch_section&quot;:&quot;section-stretched&quot;,&quot;background_background&quot;:&quot;gradient&quot;}\">\n\t\t\t\t\t\t<div class=\"elementor-container elementor-column-gap-extended\">\n\t\t\t\t\t<div class=\"elementor-column elementor-col-50 elementor-top-column elementor-element elementor-element-23ef2031\" data-id=\"23ef2031\" data-element_type=\"column\">\n\t\t\t<div class=\"elementor-widget-wrap elementor-element-populated\">\n\t\t\t\t\t\t<div class=\"elementor-element elementor-element-335533bd elementor-hidden-mobile elementor-widget elementor-widget-heading\" data-id=\"335533bd\" data-element_type=\"widget\" data-widget_type=\"heading.default\">\n\t\t\t\t<div class=\"elementor-widget-container\">\n\t\t\t<h1 class=\"elementor-heading-title elementor-size-default\">Not\u00edcias<\/h1>\t\t<\/div>\n\t\t\t\t<\/div>\n\t\t\t\t<div class=\"elementor-element elementor-element-cdd915e elementor-widget elementor-widget-text-editor\" data-id=\"cdd915e\" data-element_type=\"widget\" data-widget_type=\"text-editor.default\">\n\t\t\t\t<div class=\"elementor-widget-container\">\n\t\t\t\t\t\t\t<p>Fique atualizado! Leia as not\u00edcias da p\u00f3s-gradua\u00e7\u00e3o Est\u00e1cio e esteja sempre por dentro das novidades do mercado. Mantenha-se informado e esteja \u00e0 frente das oportunidades que surgem.&nbsp;<\/p>\t\t\t\t\t\t<\/div>\n\t\t\t\t<\/div>\n\t\t\t\t\t<\/div>\n\t\t<\/div>\n\t\t\t\t<div class=\"elementor-column elementor-col-50 elementor-top-column elementor-element elementor-element-4bfe0bb5 elementor-hidden-mobile\" data-id=\"4bfe0bb5\" data-element_type=\"column\">\n\t\t\t<div class=\"elementor-widget-wrap elementor-element-populated\">\n\t\t\t\t\t\t<div class=\"elementor-element elementor-element-20786d69 elementor-widget elementor-widget-image\" data-id=\"20786d69\" data-element_type=\"widget\" data-widget_type=\"image.default\">\n\t\t\t\t<div class=\"elementor-widget-container\">\n\t\t\t\t\t\t\t\t\t\t\t\t\t<img fetchpriority=\"high\" decoding=\"async\" width=\"300\" height=\"264\" src=\"https:\/\/www.graduacaobr.com.br\/estacio\/wp-content\/uploads\/2023\/05\/psicopedagogia-clinica-e-institucional-header-topo-300x264.webp\" class=\"attachment-medium size-medium wp-image-411\" alt=\"\" srcset=\"https:\/\/www.graduacaobr.com.br\/estacio\/wp-content\/uploads\/2023\/05\/psicopedagogia-clinica-e-institucional-header-topo-300x264.webp 300w, https:\/\/www.graduacaobr.com.br\/estacio\/wp-content\/uploads\/2023\/05\/psicopedagogia-clinica-e-institucional-header-topo.webp 522w\" sizes=\"(max-width: 300px) 100vw, 300px\" \/>\t\t\t\t\t\t\t\t\t\t\t\t\t<\/div>\n\t\t\t\t<\/div>\n\t\t\t\t\t<\/div>\n\t\t<\/div>\n\t\t\t\t\t<\/div>\n\t\t<\/section>\n\t\t\t\t<section class=\"elementor-section elementor-top-section elementor-element elementor-element-7ccf313b elementor-section-boxed elementor-section-height-default elementor-section-height-default\" data-id=\"7ccf313b\" data-element_type=\"section\" data-settings=\"{&quot;background_background&quot;:&quot;classic&quot;}\">\n\t\t\t\t\t\t<div class=\"elementor-container elementor-column-gap-default\">\n\t\t\t\t\t<div class=\"elementor-column elementor-col-100 elementor-top-column elementor-element elementor-element-21f9578a\" data-id=\"21f9578a\" data-element_type=\"column\">\n\t\t\t<div class=\"elementor-widget-wrap elementor-element-populated\">\n\t\t\t\t\t\t<div class=\"elementor-element elementor-element-52642e64 elementor-widget elementor-widget-text-editor\" data-id=\"52642e64\" data-element_type=\"widget\" data-widget_type=\"text-editor.default\">\n\t\t\t\t<div class=\"elementor-widget-container\">\n\t\t\t\t\t\t\t<p><!-- wp:code --><\/p>\n<p><!-- \/wp:code --><\/p>\n<p><!-- wp:shortcode --><br \/><!-- \/wp:shortcode --><\/p>\t\t\t\t\t\t<\/div>\n\t\t\t\t<\/div>\n\t\t\t\t\t<\/div>\n\t\t<\/div>\n\t\t\t\t\t<\/div>\n\t\t<\/section>\n\t\t\t\t<\/div>\n\t\t","protected":false},"excerpt":{"rendered":"<p>Not\u00edcias Fique atualizado! Leia as not\u00edcias da p\u00f3s-gradua\u00e7\u00e3o Est\u00e1cio e esteja sempre por dentro das novidades do mercado. Mantenha-se informado e esteja \u00e0 frente das oportunidades que surgem.&nbsp;<\/p>\n","protected":false},"author":1,"featured_media":0,"parent":0,"menu_order":0,"comment_status":"closed","ping_status":"closed","template":"","meta":{"footnotes":""},"class_list":["post-2390","page","type-page","status-publish","hentry"],"_links":{"self":[{"href":"https:\/\/www.graduacaobr.com.br\/estacio\/wp-json\/wp\/v2\/pages\/2390","targetHints":{"allow":["GET"]}}],"collection":[{"href":"https:\/\/www.graduacaobr.com.br\/estacio\/wp-json\/wp\/v2\/pages"}],"about":[{"href":"https:\/\/www.graduacaobr.com.br\/estacio\/wp-json\/wp\/v2\/types\/page"}],"author":[{"embeddable":true,"href":"https:\/\/www.graduacaobr.com.br\/estacio\/wp-json\/wp\/v2\/users\/1"}],"replies":[{"embeddable":true,"href":"https:\/\/www.graduacaobr.com.br\/estacio\/wp-json\/wp\/v2\/comments?post=2390"}],"version-history":[{"count":0,"href":"https:\/\/www.graduacaobr.com.br\/estacio\/wp-json\/wp\/v2\/pages\/2390\/revisions"}],"wp:attachment":[{"href":"https:\/\/www.graduacaobr.com.br\/estacio\/wp-json\/wp\/v2\/media?parent=2390"}],"curies":[{"name":"wp","href":"https:\/\/api.w.org\/{rel}","templated":true}]}}