{"id":381,"date":"2023-05-12T16:30:36","date_gmt":"2023-05-12T19:30:36","guid":{"rendered":"https:\/\/www.posestacio.com.br\/?page_id=381"},"modified":"2024-01-12T23:15:40","modified_gmt":"2024-01-13T02:15:40","slug":"institucional","status":"publish","type":"page","link":"https:\/\/www.graduacaobr.com.br\/estacio\/institucional\/","title":{"rendered":"Institucional"},"content":{"rendered":"\t\t<div data-elementor-type=\"wp-page\" data-elementor-id=\"381\" class=\"elementor elementor-381\" data-elementor-post-type=\"page\">\n\t\t\t\t\t\t<section class=\"elementor-section elementor-top-section elementor-element elementor-element-25cad497 elementor-section-height-min-height elementor-section-stretched elementor-section-boxed elementor-section-height-default elementor-section-items-middle\" data-id=\"25cad497\" data-element_type=\"section\" data-settings=\"{&quot;stretch_section&quot;:&quot;section-stretched&quot;,&quot;background_background&quot;:&quot;gradient&quot;}\">\n\t\t\t\t\t\t<div class=\"elementor-container elementor-column-gap-extended\">\n\t\t\t\t\t<div class=\"elementor-column elementor-col-50 elementor-top-column elementor-element elementor-element-33fe6152\" data-id=\"33fe6152\" data-element_type=\"column\">\n\t\t\t<div class=\"elementor-widget-wrap elementor-element-populated\">\n\t\t\t\t\t\t<div class=\"elementor-element elementor-element-957e038 elementor-widget elementor-widget-heading\" data-id=\"957e038\" data-element_type=\"widget\" data-widget_type=\"heading.default\">\n\t\t\t\t<div class=\"elementor-widget-container\">\n\t\t\t<h1 class=\"elementor-heading-title elementor-size-default\">Institucional Universidade Est\u00e1cio<\/h1>\t\t<\/div>\n\t\t\t\t<\/div>\n\t\t\t\t\t<\/div>\n\t\t<\/div>\n\t\t\t\t<div class=\"elementor-column elementor-col-50 elementor-top-column elementor-element elementor-element-27d49f2d\" data-id=\"27d49f2d\" data-element_type=\"column\">\n\t\t\t<div class=\"elementor-widget-wrap elementor-element-populated\">\n\t\t\t\t\t\t<div class=\"elementor-element elementor-element-5786a863 elementor-widget elementor-widget-image\" data-id=\"5786a863\" data-element_type=\"widget\" data-widget_type=\"image.default\">\n\t\t\t\t<div class=\"elementor-widget-container\">\n\t\t\t\t\t\t\t\t\t\t\t\t\t<img fetchpriority=\"high\" decoding=\"async\" width=\"300\" height=\"264\" src=\"https:\/\/www.graduacaobr.com.br\/estacio\/wp-content\/uploads\/2023\/05\/psicopedagogia-clinica-e-institucional-header-topo-300x264.webp\" class=\"attachment-medium size-medium wp-image-411\" alt=\"\" srcset=\"https:\/\/www.graduacaobr.com.br\/estacio\/wp-content\/uploads\/2023\/05\/psicopedagogia-clinica-e-institucional-header-topo-300x264.webp 300w, https:\/\/www.graduacaobr.com.br\/estacio\/wp-content\/uploads\/2023\/05\/psicopedagogia-clinica-e-institucional-header-topo.webp 522w\" sizes=\"(max-width: 300px) 100vw, 300px\" \/>\t\t\t\t\t\t\t\t\t\t\t\t\t<\/div>\n\t\t\t\t<\/div>\n\t\t\t\t\t<\/div>\n\t\t<\/div>\n\t\t\t\t\t<\/div>\n\t\t<\/section>\n\t\t\t\t<section class=\"elementor-section elementor-top-section elementor-element elementor-element-c080fb6 elementor-section-boxed elementor-section-height-default elementor-section-height-default\" data-id=\"c080fb6\" data-element_type=\"section\">\n\t\t\t\t\t\t<div class=\"elementor-container elementor-column-gap-default\">\n\t\t\t\t\t<div class=\"elementor-column elementor-col-100 elementor-top-column elementor-element elementor-element-a8097d7\" data-id=\"a8097d7\" data-element_type=\"column\">\n\t\t\t<div class=\"elementor-widget-wrap elementor-element-populated\">\n\t\t\t\t\t\t<div class=\"elementor-element elementor-element-d654bcf elementor-widget elementor-widget-spacer\" data-id=\"d654bcf\" data-element_type=\"widget\" data-widget_type=\"spacer.default\">\n\t\t\t\t<div class=\"elementor-widget-container\">\n\t\t\t\t\t<div class=\"elementor-spacer\">\n\t\t\t<div class=\"elementor-spacer-inner\"><\/div>\n\t\t<\/div>\n\t\t\t\t<\/div>\n\t\t\t\t<\/div>\n\t\t\t\t\t<\/div>\n\t\t<\/div>\n\t\t\t\t\t<\/div>\n\t\t<\/section>\n\t\t\t\t<section class=\"elementor-section elementor-top-section elementor-element elementor-element-355abfc elementor-section-boxed elementor-section-height-default elementor-section-height-default\" data-id=\"355abfc\" data-element_type=\"section\">\n\t\t\t\t\t\t<div class=\"elementor-container elementor-column-gap-default\">\n\t\t\t\t\t<div class=\"elementor-column elementor-col-100 elementor-top-column elementor-element elementor-element-62e92b0\" data-id=\"62e92b0\" data-element_type=\"column\">\n\t\t\t<div class=\"elementor-widget-wrap elementor-element-populated\">\n\t\t\t\t\t\t<div class=\"elementor-element elementor-element-9084ded elementor-widget elementor-widget-heading\" data-id=\"9084ded\" data-element_type=\"widget\" data-widget_type=\"heading.default\">\n\t\t\t\t<div class=\"elementor-widget-container\">\n\t\t\t<h2 class=\"elementor-heading-title elementor-size-default\">Conhe\u00e7a a hist\u00f3ria da Est\u00e1cio<\/h2>\t\t<\/div>\n\t\t\t\t<\/div>\n\t\t\t\t<div class=\"elementor-element elementor-element-02704b5 elementor-widget-divider--view-line elementor-widget elementor-widget-divider\" data-id=\"02704b5\" data-element_type=\"widget\" data-widget_type=\"divider.default\">\n\t\t\t\t<div class=\"elementor-widget-container\">\n\t\t\t\t\t<div class=\"elementor-divider\">\n\t\t\t<span class=\"elementor-divider-separator\">\n\t\t\t\t\t\t<\/span>\n\t\t<\/div>\n\t\t\t\t<\/div>\n\t\t\t\t<\/div>\n\t\t\t\t<div class=\"elementor-element elementor-element-84d7175 elementor-widget elementor-widget-text-editor\" data-id=\"84d7175\" data-element_type=\"widget\" data-widget_type=\"text-editor.default\">\n\t\t\t\t<div class=\"elementor-widget-container\">\n\t\t\t\t\t\t\t<p>Seu fundador, o magistrado Jo\u00e3o Uch\u00f4a Cavalcanti Netto, cria um projeto pedag\u00f3gico inovador e consegue, em pouco tempo, que o curso se torne um modelo de ensino na \u00e1rea de Direito no Brasil.<\/p><p>Como parte importante da hist\u00f3ria da Educa\u00e7\u00e3o no Brasil, a Est\u00e1cio tem como foco promover a forma\u00e7\u00e3o e ascens\u00e3o profissional dos alunos atrav\u00e9s de uma educa\u00e7\u00e3o de qualidade, contribuindo para o desenvolvimento sustent\u00e1vel das comunidades onde atua.<\/p><p>A Est\u00e1cio \u00e9 uma das melhores institui\u00e7\u00f5es de ensino superior do Brasil, com mais de 270 mil alunos, e est\u00e1 presente em todas as regi\u00f5es do pa\u00eds, somando mais de 40 anos de atua\u00e7\u00e3o. O grupo educacional tem hoje Universidades, Centros Universit\u00e1rios e Faculdades, distribu\u00eddos em 19 estados.<\/p><p>A Est\u00e1cio oferece cursos de gradua\u00e7\u00e3o (Bacharelado e Licenciatura), Gradua\u00e7\u00e3o Tecnol\u00f3gica e P\u00f3s-gradua\u00e7\u00e3o, nas modalidades presencial, \u00e0 dist\u00e2ncia e \u00e0 dist\u00e2ncia semipresencial.<\/p><p>\u2022 Cursos com foco no mercado de trabalho;<br \/>\u2022 Infraestrutura moderna e recursos tecnol\u00f3gicos de ponta;<br \/>\u2022 Programas alinhados com institui\u00e7\u00f5es internacionais;<br \/>\u2022 Curr\u00edculos integrados nacionalmente;<br \/>\u2022 Interc\u00e2mbio de alunos e professores entre as diversas unidades em todas as regi\u00f5es do pa\u00eds.<\/p>\t\t\t\t\t\t<\/div>\n\t\t\t\t<\/div>\n\t\t\t\t<div class=\"elementor-element elementor-element-287073e elementor-widget elementor-widget-heading\" data-id=\"287073e\" data-element_type=\"widget\" data-widget_type=\"heading.default\">\n\t\t\t\t<div class=\"elementor-widget-container\">\n\t\t\t<h2 class=\"elementor-heading-title elementor-size-default\">Conhe\u00e7a nossos diferenciais<\/h2>\t\t<\/div>\n\t\t\t\t<\/div>\n\t\t\t\t<div class=\"elementor-element elementor-element-1d43398 elementor-widget-divider--view-line elementor-widget elementor-widget-divider\" data-id=\"1d43398\" data-element_type=\"widget\" data-widget_type=\"divider.default\">\n\t\t\t\t<div class=\"elementor-widget-container\">\n\t\t\t\t\t<div class=\"elementor-divider\">\n\t\t\t<span class=\"elementor-divider-separator\">\n\t\t\t\t\t\t<\/span>\n\t\t<\/div>\n\t\t\t\t<\/div>\n\t\t\t\t<\/div>\n\t\t\t\t<div class=\"elementor-element elementor-element-e991ece elementor-widget elementor-widget-text-editor\" data-id=\"e991ece\" data-element_type=\"widget\" data-widget_type=\"text-editor.default\">\n\t\t\t\t<div class=\"elementor-widget-container\">\n\t\t\t\t\t\t\t<p><span style=\"font-family: var( --e-global-typography-text-font-family ), Sans-serif; font-weight: var( --e-global-typography-text-font-weight ); font-size: 1rem;\">\u2022<\/span><span style=\"font-family: var( --e-global-typography-text-font-family ), Sans-serif; font-weight: var( --e-global-typography-text-font-weight ); font-size: 1rem;\">&nbsp;<\/span>Somos uma das maiores organiza\u00e7\u00f5es privadas no setor de ensino superior no Brasil, com um&nbsp;corpo docente altamente capacitado;<br><span style=\"font-family: var( --e-global-typography-text-font-family ), Sans-serif; font-weight: var( --e-global-typography-text-font-weight ); font-size: 1rem;\">\u2022&nbsp;<\/span>S\u00e3o mais de 80 unidades em 24 estados, com mais de 400 mil alunos matriculados;<br>\u2022&nbsp;Infraestrutura com equipamentos de \u00faltima gera\u00e7\u00e3o;<br>\u2022&nbsp;Contamos com cursos de gradua\u00e7\u00e3o, gradua\u00e7\u00e3o tecnol\u00f3gica, p\u00f3sgradua\u00e7\u00e3o, mestrado, doutorado e cursos de extens\u00e3o;<br>\u2022 Cursos nacionalmente integrados, voltados para as demandas do mercado de trabalho.<br><\/p>\t\t\t\t\t\t<\/div>\n\t\t\t\t<\/div>\n\t\t\t\t<div class=\"elementor-element elementor-element-08fce8e elementor-widget elementor-widget-heading\" data-id=\"08fce8e\" data-element_type=\"widget\" data-widget_type=\"heading.default\">\n\t\t\t\t<div class=\"elementor-widget-container\">\n\t\t\t<h2 class=\"elementor-heading-title elementor-size-default\">Conhe\u00e7a nossos cursos de Gradua\u00e7\u00e3o<\/h2>\t\t<\/div>\n\t\t\t\t<\/div>\n\t\t\t\t<div class=\"elementor-element elementor-element-a353714 elementor-widget-divider--view-line elementor-widget elementor-widget-divider\" data-id=\"a353714\" data-element_type=\"widget\" data-widget_type=\"divider.default\">\n\t\t\t\t<div class=\"elementor-widget-container\">\n\t\t\t\t\t<div class=\"elementor-divider\">\n\t\t\t<span class=\"elementor-divider-separator\">\n\t\t\t\t\t\t<\/span>\n\t\t<\/div>\n\t\t\t\t<\/div>\n\t\t\t\t<\/div>\n\t\t\t\t<div class=\"elementor-element elementor-element-3e57589 elementor-widget elementor-widget-text-editor\" data-id=\"3e57589\" data-element_type=\"widget\" data-widget_type=\"text-editor.default\">\n\t\t\t\t<div class=\"elementor-widget-container\">\n\t\t\t\t\t\t\t<p>Nossos cursos de Gradua\u00e7\u00e3o s\u00e3o projetados para elevar suas habilidades e conhecimentos a um n\u00edvel superior, preparando voc\u00ea para os desafios e oportunidades que o futuro reserva. Sabemos que o mercado est\u00e1 cada vez mais competitivo, e ter uma p\u00f3s-gradua\u00e7\u00e3o \u00e9 um diferencial que pode abrir portas e impulsionar sua carreira.<\/p><p>Na Est\u00e1cio, reconhecemos que a flexibilidade \u00e9 essencial para atender \u00e0s necessidades de todos os nossos alunos. \u00c9 por isso que oferecemos duas modalidades de estudo: presencial e digital.<\/p><p>Estamos comprometidos em ajudar voc\u00ea a alcan\u00e7ar seus objetivos profissionais por meio da educa\u00e7\u00e3o de qualidade. Comece sua jornada rumo ao sucesso agora, escolhendo a modalidade que melhor se adapta ao seu estilo de vida. Escolha sua modalidade e comece a transformar seu futuro hoje:<\/p>\t\t\t\t\t\t<\/div>\n\t\t\t\t<\/div>\n\t\t\t\t\t<\/div>\n\t\t<\/div>\n\t\t\t\t\t<\/div>\n\t\t<\/section>\n\t\t\t\t<section class=\"elementor-section elementor-top-section elementor-element elementor-element-0c54e33 elementor-section-boxed elementor-section-height-default elementor-section-height-default\" data-id=\"0c54e33\" data-element_type=\"section\">\n\t\t\t\t\t\t<div class=\"elementor-container elementor-column-gap-default\">\n\t\t\t\t\t<div class=\"elementor-column elementor-col-50 elementor-top-column elementor-element elementor-element-08a1231\" data-id=\"08a1231\" data-element_type=\"column\">\n\t\t\t<div class=\"elementor-widget-wrap elementor-element-populated\">\n\t\t\t\t\t\t<div class=\"elementor-element elementor-element-deb0d8b elementor-align-center elementor-widget elementor-widget-button\" data-id=\"deb0d8b\" data-element_type=\"widget\" data-widget_type=\"button.default\">\n\t\t\t\t<div class=\"elementor-widget-container\">\n\t\t\t\t\t\t\t<div class=\"elementor-button-wrapper\">\n\t\t\t\t\t<a class=\"elementor-button elementor-button-link elementor-size-sm\" href=\"https:\/\/estacio.graduacaobr.com.br\/\">\n\t\t\t\t\t\t<span class=\"elementor-button-content-wrapper\">\n\t\t\t\t\t\t\t\t\t<span class=\"elementor-button-text\">Gradua\u00e7\u00e3o<\/span>\n\t\t\t\t\t<\/span>\n\t\t\t\t\t<\/a>\n\t\t\t\t<\/div>\n\t\t\t\t\t\t<\/div>\n\t\t\t\t<\/div>\n\t\t\t\t\t<\/div>\n\t\t<\/div>\n\t\t\t\t<div class=\"elementor-column elementor-col-50 elementor-top-column elementor-element elementor-element-aa989d9\" data-id=\"aa989d9\" data-element_type=\"column\">\n\t\t\t<div class=\"elementor-widget-wrap elementor-element-populated\">\n\t\t\t\t\t\t<div class=\"elementor-element elementor-element-2c884a3 elementor-align-center elementor-widget elementor-widget-button\" data-id=\"2c884a3\" data-element_type=\"widget\" data-widget_type=\"button.default\">\n\t\t\t\t<div class=\"elementor-widget-container\">\n\t\t\t\t\t\t\t<div class=\"elementor-button-wrapper\">\n\t\t\t\t\t<a class=\"elementor-button elementor-button-link elementor-size-sm\" href=\"https:\/\/www.posestacio.com.br\/\">\n\t\t\t\t\t\t<span class=\"elementor-button-content-wrapper\">\n\t\t\t\t\t\t\t\t\t<span class=\"elementor-button-text\">P\u00f3s-Gradua\u00e7\u00e3o<\/span>\n\t\t\t\t\t<\/span>\n\t\t\t\t\t<\/a>\n\t\t\t\t<\/div>\n\t\t\t\t\t\t<\/div>\n\t\t\t\t<\/div>\n\t\t\t\t\t<\/div>\n\t\t<\/div>\n\t\t\t\t\t<\/div>\n\t\t<\/section>\n\t\t\t\t<section class=\"elementor-section elementor-top-section elementor-element elementor-element-57d961c elementor-section-boxed elementor-section-height-default elementor-section-height-default\" data-id=\"57d961c\" data-element_type=\"section\">\n\t\t\t\t\t\t<div class=\"elementor-container elementor-column-gap-default\">\n\t\t\t\t\t<div class=\"elementor-column elementor-col-100 elementor-top-column elementor-element elementor-element-63d8802\" data-id=\"63d8802\" data-element_type=\"column\">\n\t\t\t<div class=\"elementor-widget-wrap elementor-element-populated\">\n\t\t\t\t\t\t<div class=\"elementor-element elementor-element-3b75fb4 elementor-widget elementor-widget-text-editor\" data-id=\"3b75fb4\" data-element_type=\"widget\" data-widget_type=\"text-editor.default\">\n\t\t\t\t<div class=\"elementor-widget-container\">\n\t\t\t\t\t\t\t<p>Explore nossos cursos de Gradua\u00e7\u00e3o ou Especializa\u00e7\u00e3o e d\u00ea o pr\u00f3ximo passo em sua carreira com a Est\u00e1cio.<\/p><p>O sucesso est\u00e1 ao seu alcance!<\/p>\t\t\t\t\t\t<\/div>\n\t\t\t\t<\/div>\n\t\t\t\t\t<\/div>\n\t\t<\/div>\n\t\t\t\t\t<\/div>\n\t\t<\/section>\n\t\t\t\t<\/div>\n\t\t","protected":false},"excerpt":{"rendered":"<p>Institucional Universidade Est\u00e1cio Conhe\u00e7a a hist\u00f3ria da Est\u00e1cio Seu fundador, o magistrado Jo\u00e3o Uch\u00f4a Cavalcanti Netto, cria um projeto pedag\u00f3gico inovador e consegue, em pouco tempo, que o curso se torne um modelo de ensino na \u00e1rea de Direito no Brasil. Como parte importante da hist\u00f3ria da Educa\u00e7\u00e3o no Brasil, a Est\u00e1cio tem como foco [&hellip;]<\/p>\n","protected":false},"author":2,"featured_media":0,"parent":0,"menu_order":0,"comment_status":"closed","ping_status":"closed","template":"","meta":{"footnotes":""},"class_list":["post-381","page","type-page","status-publish","hentry"],"_links":{"self":[{"href":"https:\/\/www.graduacaobr.com.br\/estacio\/wp-json\/wp\/v2\/pages\/381","targetHints":{"allow":["GET"]}}],"collection":[{"href":"https:\/\/www.graduacaobr.com.br\/estacio\/wp-json\/wp\/v2\/pages"}],"about":[{"href":"https:\/\/www.graduacaobr.com.br\/estacio\/wp-json\/wp\/v2\/types\/page"}],"author":[{"embeddable":true,"href":"https:\/\/www.graduacaobr.com.br\/estacio\/wp-json\/wp\/v2\/users\/2"}],"replies":[{"embeddable":true,"href":"https:\/\/www.graduacaobr.com.br\/estacio\/wp-json\/wp\/v2\/comments?post=381"}],"version-history":[{"count":0,"href":"https:\/\/www.graduacaobr.com.br\/estacio\/wp-json\/wp\/v2\/pages\/381\/revisions"}],"wp:attachment":[{"href":"https:\/\/www.graduacaobr.com.br\/estacio\/wp-json\/wp\/v2\/media?parent=381"}],"curies":[{"name":"wp","href":"https:\/\/api.w.org\/{rel}","templated":true}]}}